{"id":200,"date":"2022-02-19T21:46:56","date_gmt":"2022-02-19T20:46:56","guid":{"rendered":"http:\/\/eglisecatholiqueniger.org\/wp\/index.php\/home-page\/"},"modified":"2022-02-21T22:56:58","modified_gmt":"2022-02-21T21:56:58","slug":"home-page","status":"publish","type":"page","link":"https:\/\/eglisecatholiqueniger.org\/","title":{"rendered":"Home page"},"content":{"rendered":"<p>[vc_row][vc_column width=\u00a0\u00bb4\/8&Prime;][vc_raw_html]JTVCcmV2X3NsaWRlciUyMGFsaWFzJTNEJTIyc2xpZGVyLTElMjIlNUQlNUIlMkZyZXZfc2xpZGVyJTVE[\/vc_raw_html]                    \n            \t    \n\t\t<section class=\"section news-box nb1  \"><!--News box 1-->\n\t\t\t                                    \n                            <header class=\"block-title \" >\n                                <h2><a href=\"#\"><\/a><\/h2>\n\t\t\t\t                            <\/header>\n                            \n                            <ul>\n                                                                <li class=\"post-2659 post type-post status-publish format-standard category-non-classe\">\n                                                                        \t\t\t\t\t\t\t\t\t<div>\n                                    <h2 itemprop=\"headline\"><a itemprop=\"url\" href=\"https:\/\/eglisecatholiqueniger.org\/index.php\/2026\/04\/15\/la-paroisse-sainte-therese-de-lenfant-jesus-de-zinder\/\">La paroisse Sainte Th\u00e9r\u00e8se de l\u2019Enfant J\u00e9sus de Zinder<\/a><\/h2>\n                                    <div class=\"entry-content\">\n                                        \n                                        <p>\n\t                                        \u00a0 La paroisse Sainte Th\u00e9r\u00e8se de l\u2019Enfant J\u00e9sus de Zinder se trouve dans le dioc\u00e8se de Maradi au Niger. Elle est dan...\t                                    <\/p>\n\t                                                                    <\/div>\n                                                                        <div class=\"entry-meta\">\n                                                                        <div class=\"entry-cat\">in: <a href=\"https:\/\/eglisecatholiqueniger.org\/index.php\/category\/non-classe\/\" rel=\"category tag\">Non class\u00e9<\/a><\/div>\n                                                                                                                <time class=\"entry-date\" datetime=\"2026-04-15T12:04:16+02:00\" itemprop=\"datePublished\" content=\"2026-04-15T12:04:16+02:00\"><i class=\"momizat-icon-calendar\"><\/i>15 avril, 2026<\/time>\n                                                                                                                        <div class=\"comments-link\">\n                                            <i class=\"momizat-icon-bubbles4\"><\/i><a href=\"https:\/\/eglisecatholiqueniger.org\/index.php\/2026\/04\/15\/la-paroisse-sainte-therese-de-lenfant-jesus-de-zinder\/#respond\">(0) Comments<\/a>\n                                            \n                                        <\/div>\n                                                                            <\/div>\n                                    \t\t\t\t\t\t\t\t\t<\/div>\n                                <\/li>\n                                                                <li class=\"post-2610 post type-post status-publish format-standard category-non-classe\">\n                                                                        \t\t\t\t\t\t\t\t\t<div>\n                                    <h2 itemprop=\"headline\"><a itemprop=\"url\" href=\"https:\/\/eglisecatholiqueniger.org\/index.php\/2026\/04\/01\/quelques-images-de-la-visite-du-nonce-apostolique\/\">Quelques images de la visite du nonce apostolique<\/a><\/h2>\n                                    <div class=\"entry-content\">\n                                        \n                                        <p>\n\t                                        &nbsp; &nbsp; &nbsp; &nbsp; &nbsp; &nbsp;\t                                    <\/p>\n\t                                                                    <\/div>\n                                                                        <div class=\"entry-meta\">\n                                                                        <div class=\"entry-cat\">in: <a href=\"https:\/\/eglisecatholiqueniger.org\/index.php\/category\/non-classe\/\" rel=\"category tag\">Non class\u00e9<\/a><\/div>\n                                                                                                                <time class=\"entry-date\" datetime=\"2026-04-01T16:39:38+02:00\" itemprop=\"datePublished\" content=\"2026-04-01T16:39:38+02:00\"><i class=\"momizat-icon-calendar\"><\/i>01 avril, 2026<\/time>\n                                                                                                                        <div class=\"comments-link\">\n                                            <i class=\"momizat-icon-bubbles4\"><\/i><a href=\"https:\/\/eglisecatholiqueniger.org\/index.php\/2026\/04\/01\/quelques-images-de-la-visite-du-nonce-apostolique\/#respond\">(0) Comments<\/a>\n                                            \n                                        <\/div>\n                                                                            <\/div>\n                                    \t\t\t\t\t\t\t\t\t<\/div>\n                                <\/li>\n                                                                <li class=\"post-2597 post type-post status-publish format-standard category-non-classe\">\n                                                                        \t\t\t\t\t\t\t\t\t<div>\n                                    <h2 itemprop=\"headline\"><a itemprop=\"url\" href=\"https:\/\/eglisecatholiqueniger.org\/index.php\/2026\/03\/27\/la-paix-au-sahel-et-en-afrique-de-louest-un-appel-religieux-et-traditionnel-a-la-cohesion-sociale-par-laction-collective-spi\/\">La paix au Sahel et en Afrique de l\u2019Ouest : Un appel religieux et traditionnel \u00e0 la coh\u00e9sion sociale par l\u2019action collective  SPI<\/a><\/h2>\n                                    <div class=\"entry-content\">\n                                        \n                                        <p>\n\t                                        &nbsp; La c\u00e9r\u00e9monie d\u2019ouverture du forum s\u2019est tenue dans un contexte r\u00e9gional marqu\u00e9 par des d\u00e9fis s\u00e9curitaires, s...\t                                    <\/p>\n\t                                                                    <\/div>\n                                                                        <div class=\"entry-meta\">\n                                                                        <div class=\"entry-cat\">in: <a href=\"https:\/\/eglisecatholiqueniger.org\/index.php\/category\/non-classe\/\" rel=\"category tag\">Non class\u00e9<\/a><\/div>\n                                                                                                                <time class=\"entry-date\" datetime=\"2026-03-27T16:45:57+01:00\" itemprop=\"datePublished\" content=\"2026-03-27T16:45:57+01:00\"><i class=\"momizat-icon-calendar\"><\/i>27 mars, 2026<\/time>\n                                                                                                                        <div class=\"comments-link\">\n                                            <i class=\"momizat-icon-bubbles4\"><\/i><a href=\"https:\/\/eglisecatholiqueniger.org\/index.php\/2026\/03\/27\/la-paix-au-sahel-et-en-afrique-de-louest-un-appel-religieux-et-traditionnel-a-la-cohesion-sociale-par-laction-collective-spi\/#respond\">(0) Comments<\/a>\n                                            \n                                        <\/div>\n                                                                            <\/div>\n                                    \t\t\t\t\t\t\t\t\t<\/div>\n                                <\/li>\n                                                                <li class=\"post-2587 post type-post status-publish format-standard category-non-classe\">\n                                                                        \t\t\t\t\t\t\t\t\t<div>\n                                    <h2 itemprop=\"headline\"><a itemprop=\"url\" href=\"https:\/\/eglisecatholiqueniger.org\/index.php\/2026\/03\/27\/ceremonie-douverture-de-lassemblee-generale-spi\/\">C\u00e9r\u00e9monie d\u2019ouverture de l\u2019Assembl\u00e9e G\u00e9n\u00e9rale SPI<\/a><\/h2>\n                                    <div class=\"entry-content\">\n                                        \n                                        <p>\n\t                                        \ud83d\udccd Bamako, 24 mars 2026 | H\u00f4tel Mill\u00e9nium L\u2019Assembl\u00e9e G\u00e9n\u00e9rale du Secr\u00e9tariat Paix et Initiatives (SPI) s\u2019est ouvert...\t                                    <\/p>\n\t                                                                    <\/div>\n                                                                        <div class=\"entry-meta\">\n                                                                        <div class=\"entry-cat\">in: <a href=\"https:\/\/eglisecatholiqueniger.org\/index.php\/category\/non-classe\/\" rel=\"category tag\">Non class\u00e9<\/a><\/div>\n                                                                                                                <time class=\"entry-date\" datetime=\"2026-03-27T16:24:33+01:00\" itemprop=\"datePublished\" content=\"2026-03-27T16:24:33+01:00\"><i class=\"momizat-icon-calendar\"><\/i>27 mars, 2026<\/time>\n                                                                                                                        <div class=\"comments-link\">\n                                            <i class=\"momizat-icon-bubbles4\"><\/i><a href=\"https:\/\/eglisecatholiqueniger.org\/index.php\/2026\/03\/27\/ceremonie-douverture-de-lassemblee-generale-spi\/#respond\">(0) Comments<\/a>\n                                            \n                                        <\/div>\n                                                                            <\/div>\n                                    \t\t\t\t\t\t\t\t\t<\/div>\n                                <\/li>\n                                                                <li class=\"post-2567 post type-post status-publish format-standard category-non-classe\">\n                                                                        \t\t\t\t\t\t\t\t\t<div>\n                                    <h2 itemprop=\"headline\"><a itemprop=\"url\" href=\"https:\/\/eglisecatholiqueniger.org\/index.php\/2026\/03\/27\/mgr-eric-soviguidi-presente-ses-lettres-de-creance-au-president-de-la-republique-du-niger\/\">Mgr Eric SOVIGUIDI pr\u00e9sente ses lettres de cr\u00e9ance au Pr\u00e9sident de la R\u00e9publique du Niger<\/a><\/h2>\n                                    <div class=\"entry-content\">\n                                        \n                                        <p>\n\t                                        &nbsp; Le Pr\u00e9sident de la R\u00e9publique du Niger, le G\u00e9n\u00e9ral d\u2019Arm\u00e9e Abdourahamane Tiani a re\u00e7u, hier les lettres de c...\t                                    <\/p>\n\t                                                                    <\/div>\n                                                                        <div class=\"entry-meta\">\n                                                                        <div class=\"entry-cat\">in: <a href=\"https:\/\/eglisecatholiqueniger.org\/index.php\/category\/non-classe\/\" rel=\"category tag\">Non class\u00e9<\/a><\/div>\n                                                                                                                <time class=\"entry-date\" datetime=\"2026-03-27T14:28:58+01:00\" itemprop=\"datePublished\" content=\"2026-03-27T14:28:58+01:00\"><i class=\"momizat-icon-calendar\"><\/i>27 mars, 2026<\/time>\n                                                                                                                        <div class=\"comments-link\">\n                                            <i class=\"momizat-icon-bubbles4\"><\/i><a href=\"https:\/\/eglisecatholiqueniger.org\/index.php\/2026\/03\/27\/mgr-eric-soviguidi-presente-ses-lettres-de-creance-au-president-de-la-republique-du-niger\/#respond\">(0) Comments<\/a>\n                                            \n                                        <\/div>\n                                                                            <\/div>\n                                    \t\t\t\t\t\t\t\t\t<\/div>\n                                <\/li>\n                                                                <li class=\"post-2545 post type-post status-publish format-standard category-non-classe\">\n                                                                        \t\t\t\t\t\t\t\t\t<div>\n                                    <h2 itemprop=\"headline\"><a itemprop=\"url\" href=\"https:\/\/eglisecatholiqueniger.org\/index.php\/2026\/03\/14\/la-messe-chrismale-une-celebration-qui-nous-rassemble\/\">LA MESSE CHRISMALE: UNE C\u00c9L\u00c9BRATION QUI NOUS RASSEMBLE<\/a><\/h2>\n                                    <div class=\"entry-content\">\n                                        \n                                        <p>\n\t                                        Messe chrismale 2026\u00a0 \u00e0 la Cath\u00e9drale Niamey : retour en images Au cours de cette messe qui manifeste l\u2019unit\u00e9 de to...\t                                    <\/p>\n\t                                                                    <\/div>\n                                                                        <div class=\"entry-meta\">\n                                                                        <div class=\"entry-cat\">in: <a href=\"https:\/\/eglisecatholiqueniger.org\/index.php\/category\/non-classe\/\" rel=\"category tag\">Non class\u00e9<\/a><\/div>\n                                                                                                                <time class=\"entry-date\" datetime=\"2026-03-14T14:14:37+01:00\" itemprop=\"datePublished\" content=\"2026-03-14T14:14:37+01:00\"><i class=\"momizat-icon-calendar\"><\/i>14 mars, 2026<\/time>\n                                                                                                                        <div class=\"comments-link\">\n                                            <i class=\"momizat-icon-bubbles4\"><\/i><a href=\"https:\/\/eglisecatholiqueniger.org\/index.php\/2026\/03\/14\/la-messe-chrismale-une-celebration-qui-nous-rassemble\/#respond\">(0) Comments<\/a>\n                                            \n                                        <\/div>\n                                                                            <\/div>\n                                    \t\t\t\t\t\t\t\t\t<\/div>\n                                <\/li>\n                                                                <li class=\"post-2528 post type-post status-publish format-standard category-non-classe\">\n                                                                        \t\t\t\t\t\t\t\t\t<div>\n                                    <h2 itemprop=\"headline\"><a itemprop=\"url\" href=\"https:\/\/eglisecatholiqueniger.org\/index.php\/2026\/03\/09\/reunion-du-groupe-de-travail-initiative-paix-au-sahel-spi\/\">R\u00e9union du Groupe de Travail \u2013 Initiative Paix au Sahel (SPI)<\/a><\/h2>\n                                    <div class=\"entry-content\">\n                                        \n                                        <p>\n\t                                        &nbsp; La r\u00e9union du Groupe de Travail de l\u2019Initiative Paix au Sahel (SPI) s\u2019est tenue le 6 mars 2026 \u00e0 la Salle Je...\t                                    <\/p>\n\t                                                                    <\/div>\n                                                                        <div class=\"entry-meta\">\n                                                                        <div class=\"entry-cat\">in: <a href=\"https:\/\/eglisecatholiqueniger.org\/index.php\/category\/non-classe\/\" rel=\"category tag\">Non class\u00e9<\/a><\/div>\n                                                                                                                <time class=\"entry-date\" datetime=\"2026-03-09T14:35:35+01:00\" itemprop=\"datePublished\" content=\"2026-03-09T14:35:35+01:00\"><i class=\"momizat-icon-calendar\"><\/i>09 mars, 2026<\/time>\n                                                                                                                        <div class=\"comments-link\">\n                                            <i class=\"momizat-icon-bubbles4\"><\/i><a href=\"https:\/\/eglisecatholiqueniger.org\/index.php\/2026\/03\/09\/reunion-du-groupe-de-travail-initiative-paix-au-sahel-spi\/#respond\">(0) Comments<\/a>\n                                            \n                                        <\/div>\n                                                                            <\/div>\n                                    \t\t\t\t\t\t\t\t\t<\/div>\n                                <\/li>\n                                                                <li class=\"post-2495 post type-post status-publish format-standard category-non-classe\">\n                                                                        \t\t\t\t\t\t\t\t\t<div>\n                                    <h2 itemprop=\"headline\"><a itemprop=\"url\" href=\"https:\/\/eglisecatholiqueniger.org\/index.php\/2026\/03\/05\/messe-pour-le-repos-de-lame-de-fatouma-marie-therese-djibo\/\">Messe pour le repos de l\u2019\u00e2me de Fatouma Marie Th\u00e9r\u00e8se DJIBO<\/a><\/h2>\n                                    <div class=\"entry-content\">\n                                        \n                                        <p>\n\t                                        La messe pour le repos de l\u2019\u00e2me de Maman Fatouma Marie Th\u00e9r\u00e8se Djibo \u00a0fut c\u00e9l\u00e9br\u00e9e par l\u2019archev\u00eaque Mgr Laurent \u00a0LO...\t                                    <\/p>\n\t                                                                    <\/div>\n                                                                        <div class=\"entry-meta\">\n                                                                        <div class=\"entry-cat\">in: <a href=\"https:\/\/eglisecatholiqueniger.org\/index.php\/category\/non-classe\/\" rel=\"category tag\">Non class\u00e9<\/a><\/div>\n                                                                                                                <time class=\"entry-date\" datetime=\"2026-03-05T16:46:23+01:00\" itemprop=\"datePublished\" content=\"2026-03-05T16:46:23+01:00\"><i class=\"momizat-icon-calendar\"><\/i>05 mars, 2026<\/time>\n                                                                                                                        <div class=\"comments-link\">\n                                            <i class=\"momizat-icon-bubbles4\"><\/i><a href=\"https:\/\/eglisecatholiqueniger.org\/index.php\/2026\/03\/05\/messe-pour-le-repos-de-lame-de-fatouma-marie-therese-djibo\/#respond\">(0) Comments<\/a>\n                                            \n                                        <\/div>\n                                                                            <\/div>\n                                    \t\t\t\t\t\t\t\t\t<\/div>\n                                <\/li>\n                                                                <li class=\"post-2485 post type-post status-publish format-standard category-non-classe\">\n                                                                        \t\t\t\t\t\t\t\t\t<div>\n                                    <h2 itemprop=\"headline\"><a itemprop=\"url\" href=\"https:\/\/eglisecatholiqueniger.org\/index.php\/2026\/03\/03\/necrologie-2\/\">N\u00e9crologie<\/a><\/h2>\n                                    <div class=\"entry-content\">\n                                        \n                                        <p>\n\t                                        Chers fr\u00e8res et s\u0153urs, Nous avons la profonde douleur de vous annoncer le rappel \u00e0 Dieu de Mme Fatouma-Th\u00e9r\u00e8se DJIB...\t                                    <\/p>\n\t                                                                    <\/div>\n                                                                        <div class=\"entry-meta\">\n                                                                        <div class=\"entry-cat\">in: <a href=\"https:\/\/eglisecatholiqueniger.org\/index.php\/category\/non-classe\/\" rel=\"category tag\">Non class\u00e9<\/a><\/div>\n                                                                                                                <time class=\"entry-date\" datetime=\"2026-03-03T11:28:58+01:00\" itemprop=\"datePublished\" content=\"2026-03-03T11:28:58+01:00\"><i class=\"momizat-icon-calendar\"><\/i>03 mars, 2026<\/time>\n                                                                                                                        <div class=\"comments-link\">\n                                            <i class=\"momizat-icon-bubbles4\"><\/i><a href=\"https:\/\/eglisecatholiqueniger.org\/index.php\/2026\/03\/03\/necrologie-2\/#respond\">(0) Comments<\/a>\n                                            \n                                        <\/div>\n                                                                            <\/div>\n                                    \t\t\t\t\t\t\t\t\t<\/div>\n                                <\/li>\n                                                                <li class=\"post-2481 post type-post status-publish format-standard category-non-classe\">\n                                                                        \t\t\t\t\t\t\t\t\t<div>\n                                    <h2 itemprop=\"headline\"><a itemprop=\"url\" href=\"https:\/\/eglisecatholiqueniger.org\/index.php\/2025\/12\/30\/voeux-des-eveques-catholiques-du-niger-pour-la-nouvelle-annee-2026\/\">V\u0152UX DES EVEQUES CATHOLIQUES DU NIGER POUR LA NOUVELLE ANNEE 2026<\/a><\/h2>\n                                    <div class=\"entry-content\">\n                                        \n                                        <p>\n\t                                        &nbsp; Avec le Pape L\u00e9on XIV, les \u00e9v\u00eaques catholiques du Niger vous pr\u00e9sentent leurs v\u0153ux les meilleurs pour la Nou...\t                                    <\/p>\n\t                                                                    <\/div>\n                                                                        <div class=\"entry-meta\">\n                                                                        <div class=\"entry-cat\">in: <a href=\"https:\/\/eglisecatholiqueniger.org\/index.php\/category\/non-classe\/\" rel=\"category tag\">Non class\u00e9<\/a><\/div>\n                                                                                                                <time class=\"entry-date\" datetime=\"2025-12-30T17:23:17+01:00\" itemprop=\"datePublished\" content=\"2025-12-30T17:23:17+01:00\"><i class=\"momizat-icon-calendar\"><\/i>30 d\u00e9cembre, 2025<\/time>\n                                                                                                                        <div class=\"comments-link\">\n                                            <i class=\"momizat-icon-bubbles4\"><\/i><a href=\"https:\/\/eglisecatholiqueniger.org\/index.php\/2025\/12\/30\/voeux-des-eveques-catholiques-du-niger-pour-la-nouvelle-annee-2026\/#respond\">(0) Comments<\/a>\n                                            \n                                        <\/div>\n                                                                            <\/div>\n                                    \t\t\t\t\t\t\t\t\t<\/div>\n                                <\/li>\n                                                            <\/ul>\n                                                    \n                    <\/section><!--News box 1-->\n\t\t\n\t    \n\t[\/vc_column][vc_column width=\u00a0\u00bb2\/8&Prime;][vc_widget_sidebar sidebar_id=\u00a0\u00bbsecondary-sidebar\u00a0\u00bb][\/vc_column][vc_column width=\u00a0\u00bb3\/9&Prime;][vc_widget_sidebar sidebar_id=\u00a0\u00bbmain-sidebar\u00a0\u00bb][\/vc_column][\/vc_row][vc_row][vc_column][vc_single_image image=\u00a0\u00bb411&Prime; img_size=\u00a0\u00bbfull\u00a0\u00bb][\/vc_column][\/vc_row][vc_row][vc_column width=\u00a0\u00bb2\/8&Prime;][vc_widget_sidebar sidebar_id=\u00a0\u00bbsidebar-11&Prime;][\/vc_column][vc_column width=\u00a0\u00bb3\/9&Prime;][vc_widget_sidebar sidebar_id=\u00a0\u00bbsidebar-10&Prime;][\/vc_column][\/vc_row]<\/p>\n","protected":false},"excerpt":{"rendered":"<p>[vc_row][vc_column width=\u00a0\u00bb4\/8&Prime;][vc_raw_html]JTVCcmV2X3NsaWRlciUyMGFsaWFzJTNEJTIyc2xpZGVyLTElMjIlNUQlNUIlMkZyZXZfc2xpZGVyJTVE[\/vc_raw_html][\/vc_column][vc_column width=\u00a0\u00bb2\/8&Prime;][vc_widget_sidebar sidebar_id=\u00a0\u00bbsecondary-sidebar\u00a0\u00bb][\/vc_column][vc_column width=\u00a0\u00bb3\/9&Prime;][vc_widget_sidebar sidebar_id=\u00a0\u00bbmain-sidebar\u00a0\u00bb][\/vc_column][\/vc_row][vc_row][vc_column][vc_single_image image=\u00a0\u00bb411&Prime; img_size=\u00a0\u00bbfull\u00a0\u00bb][\/vc_column][\/vc_row][vc_row][vc_column width=\u00a0\u00bb2\/8&Prime;][vc_widget_sidebar sidebar_id=\u00a0\u00bbsidebar-11&Prime;][\/vc_column][vc_column width=\u00a0\u00bb3\/9&Prime;][vc_widget_sidebar sidebar_id=\u00a0\u00bbsidebar-10&Prime;][\/vc_column][\/vc_row]<\/p>\n","protected":false},"author":1,"featured_media":0,"parent":0,"menu_order":0,"comment_status":"closed","ping_status":"closed","template":"","meta":{"footnotes":""},"class_list":["post-200","page","type-page","status-publish"],"_links":{"self":[{"href":"https:\/\/eglisecatholiqueniger.org\/index.php\/wp-json\/wp\/v2\/pages\/200","targetHints":{"allow":["GET"]}}],"collection":[{"href":"https:\/\/eglisecatholiqueniger.org\/index.php\/wp-json\/wp\/v2\/pages"}],"about":[{"href":"https:\/\/eglisecatholiqueniger.org\/index.php\/wp-json\/wp\/v2\/types\/page"}],"author":[{"embeddable":true,"href":"https:\/\/eglisecatholiqueniger.org\/index.php\/wp-json\/wp\/v2\/users\/1"}],"replies":[{"embeddable":true,"href":"https:\/\/eglisecatholiqueniger.org\/index.php\/wp-json\/wp\/v2\/comments?post=200"}],"version-history":[{"count":9,"href":"https:\/\/eglisecatholiqueniger.org\/index.php\/wp-json\/wp\/v2\/pages\/200\/revisions"}],"predecessor-version":[{"id":416,"href":"https:\/\/eglisecatholiqueniger.org\/index.php\/wp-json\/wp\/v2\/pages\/200\/revisions\/416"}],"wp:attachment":[{"href":"https:\/\/eglisecatholiqueniger.org\/index.php\/wp-json\/wp\/v2\/media?parent=200"}],"curies":[{"name":"wp","href":"https:\/\/api.w.org\/{rel}","templated":true}]}}