{"id":461,"date":"2022-03-20T17:57:09","date_gmt":"2022-03-20T16:57:09","guid":{"rendered":"http:\/\/eglisecatholiqueniger.org\/wp\/?page_id=461"},"modified":"2022-03-20T17:57:09","modified_gmt":"2022-03-20T16:57:09","slug":"commission-des-jeunes","status":"publish","type":"page","link":"https:\/\/eglisecatholiqueniger.org\/index.php\/commission-des-jeunes\/","title":{"rendered":"Commission des Jeunes"},"content":{"rendered":"<p><strong>Deuxi\u00e8me r\u00e9union de la Commission Jeunes<\/strong><\/p>\n<p>Nomm\u00e9e et mise en place en octobre 2021, la Commission dioc\u00e9saine pour les Jeunes a tenu sa deuxi\u00e8me rencontre du 18 au 20 f\u00e9vrier 2022, \u00e0 Silo\u00e9, apr\u00e8s celle organis\u00e9e en novembre 2021 \u00e0 la Cath\u00e9drale. A l\u2019ordre du jour, il y avait deux formations sur <em>la pastorale de la jeunesse<\/em> et <em>la situation actuelle de la jeunesse au Niger<\/em>. Puis, les quinze participants \u00e0 la rencontre ont longuement \u00e9chang\u00e9, parfois jusque tard dans la nuit. L\u2019objectif \u00e9tant de trouver des voies et moyens pour redynamiser la pastorale de la jeunesse dans le dioc\u00e8se.<\/p>\n<p>Pour joindre l\u2019ultime \u00e0 l\u2019agr\u00e9able, les membres de la commission se sont rendus \u00e0 la paroisse Sainte Th\u00e9r\u00e8se de Banifandou, le dimanche, pour participer \u00e0 la messe et rencontrer les jeunes de ladite paroisse. Les \u00e9changes ont \u00e9t\u00e9 assez int\u00e9ressants et fructueux. Car, les jeunes de Sainte Th\u00e9r\u00e8se ont mis en place un bureau de coordination des activit\u00e9s et ont pris l\u2019engagement de relancer de plus bel leurs activit\u00e9s pour le bonheur de tous.<\/p>\n","protected":false},"excerpt":{"rendered":"<p>Deuxi\u00e8me r\u00e9union de la Commission Jeunes Nomm\u00e9e et mise en place en octobre 2021, la Commission dioc\u00e9saine pour les Jeunes a tenu sa deuxi\u00e8me rencontre du 18 au 20 f\u00e9vrier &#8230;<\/p>\n","protected":false},"author":1,"featured_media":0,"parent":0,"menu_order":0,"comment_status":"closed","ping_status":"closed","template":"","meta":{"footnotes":""},"class_list":["post-461","page","type-page","status-publish"],"_links":{"self":[{"href":"https:\/\/eglisecatholiqueniger.org\/index.php\/wp-json\/wp\/v2\/pages\/461","targetHints":{"allow":["GET"]}}],"collection":[{"href":"https:\/\/eglisecatholiqueniger.org\/index.php\/wp-json\/wp\/v2\/pages"}],"about":[{"href":"https:\/\/eglisecatholiqueniger.org\/index.php\/wp-json\/wp\/v2\/types\/page"}],"author":[{"embeddable":true,"href":"https:\/\/eglisecatholiqueniger.org\/index.php\/wp-json\/wp\/v2\/users\/1"}],"replies":[{"embeddable":true,"href":"https:\/\/eglisecatholiqueniger.org\/index.php\/wp-json\/wp\/v2\/comments?post=461"}],"version-history":[{"count":1,"href":"https:\/\/eglisecatholiqueniger.org\/index.php\/wp-json\/wp\/v2\/pages\/461\/revisions"}],"predecessor-version":[{"id":462,"href":"https:\/\/eglisecatholiqueniger.org\/index.php\/wp-json\/wp\/v2\/pages\/461\/revisions\/462"}],"wp:attachment":[{"href":"https:\/\/eglisecatholiqueniger.org\/index.php\/wp-json\/wp\/v2\/media?parent=461"}],"curies":[{"name":"wp","href":"https:\/\/api.w.org\/{rel}","templated":true}]}}